{"id":1372,"date":"2013-05-07T08:58:11","date_gmt":"2013-05-07T07:58:11","guid":{"rendered":"http:\/\/www.ritamascialino.com\/cms\/?page_id=1372"},"modified":"2013-06-03T14:28:09","modified_gmt":"2013-06-03T13:28:09","slug":"la-resistenza-dei-cattolici-in-friuli-1943-1945","status":"publish","type":"page","link":"https:\/\/www.ritamascialino.com\/cms\/nuovi-reperti-esegetici\/la-resistenza-dei-cattolici-in-friuli-1943-1945\/","title":{"rendered":"La Resistenza dei Cattolici in Friuli (1943 &#8211; 1945)"},"content":{"rendered":"<p style=\"text-align: center;\"><img loading=\"lazy\" class=\"size-full wp-image-848 aligncenter\" alt=\"la-resistenza-dei-cattolici-in-friuli\" src=\"http:\/\/www.ritamascialino.com\/cms\/wp-content\/uploads\/2013\/03\/la-resistenza-dei-cattolici-in-friuli.jpg\" width=\"450\" height=\"581\" srcset=\"https:\/\/www.ritamascialino.com\/cms\/wp-content\/uploads\/2013\/03\/la-resistenza-dei-cattolici-in-friuli.jpg 450w, https:\/\/www.ritamascialino.com\/cms\/wp-content\/uploads\/2013\/03\/la-resistenza-dei-cattolici-in-friuli-232x300.jpg 232w\" sizes=\"(max-width: 450px) 100vw, 450px\" \/><\/p>\n<p>&nbsp;<\/p>\n<p style=\"text-align: center;\">Dalla Copertina interna del volume<\/p>\n<p style=\"text-align: center;\"><strong><em>La Resistenza dei Cattolici in Friuli (1943-45) <\/em>(Udine, LaNuovaBase Editrice LNB)<\/strong>:<\/p>\n<p style=\"text-align: justify;\"><em>\"Come accennato da <strong>Rita Mascialino<\/strong> nella sua Postfazione a questa II Edizione ampliata della ricerca storica <\/em><strong>La Resistenza dei Cattolici in Friuli (1943-45<\/strong>)<em>, pubblicata gi\u00e0 nel 1978 per la Regione Friuli Venezia, la memoria del passato \u00e8 fondamentale per capire le radici pi\u00f9 vere dei propri comportamenti, di quelli degli altri, degli eventi tutti, per capire la storia dell\u2019umanit\u00e0. In quanto la storia \u00e8, come disse Cicerone, la vita della memoria, essa pu\u00f2 essere maestra della vita. In altri termini, il passato confluisce inconsciamente nel presente e funge da base per il futuro: ove si consapevolizzino e si capiscano le cause e le motivazioni delle azioni trascorse, si pu\u00f2 avere una possibilit\u00e0 in pi\u00f9 di non incorrere nei medesimi errori. \u00c8 da tale angolazione della memoria che la Mascialino ha composto la riedizione del suo volume: ricordare per capire. <\/em><br \/>\n<em>Ed \u00e8 con questo spirito che auguriamo ai lettori una proficua e serena lettura.\"<\/em><\/p>\n<p style=\"text-align: justify;\">Informazione sulla presentazione del volume di <strong>Rita Mascialino<\/strong> <em><strong>La Resistenza dei Cattolici in Friuli (1943-45)<\/strong><\/em> <strong>(Udine<\/strong>,<strong> LaNuovaBase Editrice LNB)<\/strong> nella Sala Consiliare della Provincia di Udine, 9 febbraio 2013, h 17.00<\/p>\n<p style=\"text-align: justify;\">In occasione del 68\u00b0 anniversario dell\u2019eccidio delle malghe di Porz\u00fbs (Friuli Nord-Orientale al confine con la Slovenia) ha avuto luogo il <strong>9 (nove) febbraio 2013<\/strong> a partire dalle h 17.00 davanti ad un pubblico folto e attento nella fastosa <strong>Sala Consiliare della Provincia di Udine<\/strong> la presentazione della ristampa del libro di Rita Mascialino <strong>La Resistenza dei Cattolici in Friuli (1943-45)<\/strong>, edito dalla <strong>LNB La Nuova Base<\/strong> di Udine, Editore Fiorentina Marchiol, gi\u00e0 pubblicato nel 1978 per la Regione Friuli Venezia Giulia. Ha portato il saluto delle Autorit\u00e0 il Presidente della Provincia Pietro Fontanini. Ha funto da moderatore Roberto Tirelli del Direttivo dell\u2019Associazione Partigiani Osoppo-Friuli. Hanno presentato: <strong>Cesare Marzona<\/strong>, Presidente dell\u2019Associazione Partigiani Osoppo-Friuli (APO), Don <strong>Domenico Zannier<\/strong>, sacerdote dell\u2019Arcidiocesi di Udine e studioso di storia, <strong>Raoul Pupo<\/strong>, professore di Storia all\u2019Universit\u00e0 degli Studi di Trieste. Ha chiuso le presentazioni l\u2019intervento dell\u2019Autrice <strong>Rita Mascialino<\/strong>. Quindi si \u00e8 aperto il lungo dialogo della stessa e dei relatori con il pubblico.<br \/>\nI relatori hanno messo in evidenza con chiarezza di giudizio i pregi del libro prendendo in considerazione numerosi punti di vista basati tutti sempre sulla verit\u00e0 storica oggettiva esposta nel volume e sul coraggio della verit\u00e0. Tale verit\u00e0, ricostruita con il rigore proprio dell\u2019indagine scientifica approfondita anche nella premessa della prima parte che fa conoscere la situazione del Friuli dal 1918 in poi fino alla caduta del fascismo e al periodo della Resistenza, si \u00e8 basata non sulle opinioni di altri studiosi, ma esclusivamente sul giudizio della Mascialino formatosi direttamente sui documenti storici e sul rigoroso vaglio delle testimonianze storiche, senza alcun conformismo pregiudiziale di sorta. Tale giudizio non di compromesso \u00e8 stato confermato in pieno dagli studi che si sono aggiunti nel prosieguo del tempo da parte di tanti studiosi di tante Universit\u00e0 e di tanti Istituti, nonch\u00e9 di tanti studiosi indipendenti, nonch\u00e9 in persona dal Presidente della Repubblica Giorgio Napolitano che ha espresso sui fatti della Resistenza friulana parole inequivocabili e all\u2019unisono con l\u2019interpretazione data ai documenti dalla Mascialino. Anche la recensione del professor Aguzzi saggista e autore di pubblicazioni storiche \u00e8 sulla stessa linea di apprezzamento dell\u2019interpretazione data dalla Mascialino relativamente egli eventi storici dell\u2019epoca, nella loro materialit\u00e0 evidente e nelle loro motivazioni profonde. Per l\u2019oggettivit\u00e0 dell\u2019indagine storica e per la verit\u00e0 dell\u2019interpretazione \u00e8 stata voluta la ristampa di questo volume da parte dell\u2019APO e della casa Editrice La Nuova Base di Udine ed \u00e8 stato sottolineato dai relatori sopra citati, tra l\u2019altro, la necessit\u00e0 di divulgare il libro ovunque perch\u00e9 la verit\u00e0 venga conosciuta e non dimenticata o rifiutata perch\u00e9 grave e soprattutto venga introdotto nelle Scuole perch\u00e9 i giovani formino la loro coscienza civile sulla verit\u00e0 della storia e non sui pregiudizi di parte da cui va esente il volume della Mascialino. La presentazione fa parte di un doppio impegno di memoria storica che ha avuto la sua seconda parte nella giornata di domenica 10 febbraio con l\u2019intervento commemorativo delle Autorit\u00e0 e con il pellegrinaggio alle Malghe di Porz\u00fbs, luogo dell\u2019eccidio proditorio dell\u2019avamposto osovano capeggiato dal capitano <strong>Francesco de Gregori<\/strong> '<strong>Bolla'<\/strong>, che, ha sottolineato la Mascialino nel suo intervento oltre che nel volume, era tutt\u2019altro che un grafomane come sostenuto tra gli altri da Giorgio Bocca, bens\u00ec era un capo militare che aveva capito la situazione e chiedeva rinforzi al CLNAI ben prevedendo ci\u00f2 che sarebbe accaduto anche contro il suo avamposto, come emergeva da sintomi e segnali che si sarebbero rivelati oggettivi. \u00c8 grazie anche alle lettere scritte da Francesco De Gregori che si hanno testimonianze reali e precise confortate poi dai fatti occorsi. Quanto a Porz\u00fbs, l\u2019eccidio non \u00e8 non episodio marginale della lotta di liberazione in Friuli, come qualcuno ritiene, ma \u00e8 evento centrale per la comprensione della speciale natura della Resistenza friulana combattuta su due fronti, quello nazifascista e quello delle rivendicazioni territoriali del IX Korpus sloveno agli ordini di Tito riguardo al Friuli.<\/p>\n\n\t\t<style type=\"text\/css\">\n\t\t\t#gallery-1 {\n\t\t\t\tmargin: auto;\n\t\t\t}\n\t\t\t#gallery-1 .gallery-item {\n\t\t\t\tfloat: left;\n\t\t\t\tmargin-top: 10px;\n\t\t\t\ttext-align: center;\n\t\t\t\twidth: 33%;\n\t\t\t}\n\t\t\t#gallery-1 img {\n\t\t\t\tborder: 2px solid #cfcfcf;\n\t\t\t}\n\t\t\t#gallery-1 .gallery-caption {\n\t\t\t\tmargin-left: 0;\n\t\t\t}\n\t\t\t\/* see gallery_shortcode() in wp-includes\/media.php *\/\n\t\t<\/style>\n\t\t<div id='gallery-1' class='gallery galleryid-1372 gallery-columns-3 gallery-size-thumbnail'><dl class='gallery-item'>\n\t\t\t<dt class='gallery-icon landscape'>\n\t\t\t\t<a href='https:\/\/www.ritamascialino.com\/cms\/dscn0056\/'><img width=\"150\" height=\"150\" src=\"https:\/\/www.ritamascialino.com\/cms\/wp-content\/uploads\/2013\/03\/DSCN0056-150x150.jpg\" class=\"attachment-thumbnail size-thumbnail\" alt=\"\" loading=\"lazy\" aria-describedby=\"gallery-1-858\" \/><\/a>\n\t\t\t<\/dt>\n\t\t\t\t<dd class='wp-caption-text gallery-caption' id='gallery-1-858'>\n\t\t\t\tRita Mascialino con il Presidente dell&#8217;Associazione Partigiani Osoppo-Friuli Cesare Marzona al termine della presentazione.\n\t\t\t\t<\/dd><\/dl><dl class='gallery-item'>\n\t\t\t<dt class='gallery-icon portrait'>\n\t\t\t\t<a href='https:\/\/www.ritamascialino.com\/cms\/dscn0059\/'><img width=\"150\" height=\"150\" src=\"https:\/\/www.ritamascialino.com\/cms\/wp-content\/uploads\/2013\/03\/DSCN0059-150x150.jpg\" class=\"attachment-thumbnail size-thumbnail\" alt=\"\" loading=\"lazy\" aria-describedby=\"gallery-1-859\" \/><\/a>\n\t\t\t<\/dt>\n\t\t\t\t<dd class='wp-caption-text gallery-caption' id='gallery-1-859'>\n\t\t\t\tRita Mascialino durante il suo intervento alla presentazione.\n\t\t\t\t<\/dd><\/dl><dl class='gallery-item'>\n\t\t\t<dt class='gallery-icon landscape'>\n\t\t\t\t<a href='https:\/\/www.ritamascialino.com\/cms\/dscn0061\/'><img width=\"150\" height=\"150\" src=\"https:\/\/www.ritamascialino.com\/cms\/wp-content\/uploads\/2013\/03\/DSCN0061-150x150.jpg\" class=\"attachment-thumbnail size-thumbnail\" alt=\"\" loading=\"lazy\" aria-describedby=\"gallery-1-860\" \/><\/a>\n\t\t\t<\/dt>\n\t\t\t\t<dd class='wp-caption-text gallery-caption' id='gallery-1-860'>\n\t\t\t\tRita Mascialino con l&#8217;ex sindaco di Moimacco Saule Caporale al termine della presentazione.\n\t\t\t\t<\/dd><\/dl><br style=\"clear: both\" \/><dl class='gallery-item'>\n\t\t\t<dt class='gallery-icon landscape'>\n\t\t\t\t<a href='https:\/\/www.ritamascialino.com\/cms\/p1000564\/'><img width=\"150\" height=\"150\" src=\"https:\/\/www.ritamascialino.com\/cms\/wp-content\/uploads\/2013\/03\/P1000564-150x150.jpg\" class=\"attachment-thumbnail size-thumbnail\" alt=\"\" loading=\"lazy\" aria-describedby=\"gallery-1-861\" \/><\/a>\n\t\t\t<\/dt>\n\t\t\t\t<dd class='wp-caption-text gallery-caption' id='gallery-1-861'>\n\t\t\t\tScorcio laterale della Sala Consiliare della Provincia di Udine.\n\t\t\t\t<\/dd><\/dl><dl class='gallery-item'>\n\t\t\t<dt class='gallery-icon landscape'>\n\t\t\t\t<a href='https:\/\/www.ritamascialino.com\/cms\/p1000603\/'><img width=\"150\" height=\"150\" src=\"https:\/\/www.ritamascialino.com\/cms\/wp-content\/uploads\/2013\/03\/P1000603-150x150.jpg\" class=\"attachment-thumbnail size-thumbnail\" alt=\"\" loading=\"lazy\" aria-describedby=\"gallery-1-862\" \/><\/a>\n\t\t\t<\/dt>\n\t\t\t\t<dd class='wp-caption-text gallery-caption' id='gallery-1-862'>\n\t\t\t\tIl Presidente dell&#8217;Associazione Partigiani Osoppo-Friuli Cesare Marzona durante il suo intervento.\n\t\t\t\t<\/dd><\/dl><dl class='gallery-item'>\n\t\t\t<dt class='gallery-icon landscape'>\n\t\t\t\t<a href='https:\/\/www.ritamascialino.com\/cms\/p1000606\/'><img width=\"150\" height=\"150\" src=\"https:\/\/www.ritamascialino.com\/cms\/wp-content\/uploads\/2013\/03\/P1000606-150x150.jpg\" class=\"attachment-thumbnail size-thumbnail\" alt=\"\" loading=\"lazy\" aria-describedby=\"gallery-1-863\" \/><\/a>\n\t\t\t<\/dt>\n\t\t\t\t<dd class='wp-caption-text gallery-caption' id='gallery-1-863'>\n\t\t\t\tIl prof. Raoul Pupo (Universit\u00e0 degli Studi di Trieste) prima del suo intervento.\n\t\t\t\t<\/dd><\/dl><br style=\"clear: both\" \/><dl class='gallery-item'>\n\t\t\t<dt class='gallery-icon landscape'>\n\t\t\t\t<a href='https:\/\/www.ritamascialino.com\/cms\/p1000612\/'><img width=\"150\" height=\"150\" src=\"https:\/\/www.ritamascialino.com\/cms\/wp-content\/uploads\/2013\/03\/P1000612-150x150.jpg\" class=\"attachment-thumbnail size-thumbnail\" alt=\"\" loading=\"lazy\" aria-describedby=\"gallery-1-864\" \/><\/a>\n\t\t\t<\/dt>\n\t\t\t\t<dd class='wp-caption-text gallery-caption' id='gallery-1-864'>\n\t\t\t\tScorcio della cena allo Scus di Reana del Rojale (UD) a conclusione della serata della presentazione.\n\t\t\t\t<\/dd><\/dl>\n\t\t\t<br style='clear: both' \/>\n\t\t<\/div>\n\n<blockquote>\n<p style=\"text-align: justify;\">Recensione di <strong>Luciano Aguzzi<\/strong> (gi\u00e0 collaboratore e docente a contratto di Storia delle dottrine politiche alla Facolt\u00e0 di Scienze Politiche presso l'Universit\u00e0 degli Studi di Milano, gi\u00e0 Preside di Liceo ) da <em>S\u00eclarus<\/em>, rassegna bimestrale di cultura fondata da Italo Rocco, dir. resp. Pietro Rocco: A. LIII, gennaio-febbraio 2013, 65-68.<\/p>\n<\/blockquote>\n<p style=\"text-align: justify;\">Ritorna in libreria, con nuova veste e ampliato nei contenuti, il libro di Rita Mascialino <em>La Resistenza dei Cattolici in Friuli (1943-1945)<\/em> (edito da LNB - La Nuova Base Editrice, Udine 2012, pp. 262, Euro 22,00). La prima edizione risale al 1978 e presentava allora almeno tre aspetti di novit\u00e0: si trattava di uno dei primi libri dedicati all'argomento e in particolare alla strage di\u00a0Porz\u00fbs, nella quale i partigiani comunisti delle brigate Garibaldi uccisero un gruppo di partigiani delle brigate Osoppo, per lo pi\u00f9 cattolici. Il tragico episodio costituisce un argomento ancora oggi &lt;&lt;caldissimo&gt;&gt; sul quale le controversie storiografiche e le polemiche, anche con risvolto politico, non sono terminate. La Mascialino, con coraggio e spirito di indipendenza, rompeva gli schemi della retorica e dei luoghi comuni resistenziali e faceva chiarezza sugli aspetti decisivi e sul significato politico della strage dei partigiani osovani.<\/p>\n<h4>___________<\/h4>\n<h2><a href=\"http:\/\/www.ritamascialino.com\/cms\/wp-content\/uploads\/2013\/03\/RESISTENZA-MASCIALINO-AGUZZI.pdf\" target=\"_blank\">Scarica intero documento in formato PDF<\/a>\u00a0[51 Kb]<\/h2>\n<p>(Per visualizzare correttamente gli allegati scarica gratuitamente\u00a0<a href=\"http:\/\/get.adobe.com\/it\/reader\/\" target=\"_blank\"><em><strong>Adobe Acrobat Reader<\/strong><\/em><\/a>)<\/p>\n","protected":false},"excerpt":{"rendered":"<p>&nbsp; Dalla Copertina interna del volume La Resistenza dei Cattolici in Friuli (1943-45) (Udine, LaNuovaBase Editrice LNB): &#8220;Come accennato da Rita Mascialino nella sua Postfazione a questa II Edizione ampliata della ricerca storica La Resistenza dei Cattolici in Friuli (1943-45), pubblicata gi\u00e0 nel 1978 per la Regione Friuli Venezia, la memoria del passato \u00e8 fondamentale [&hellip;]<\/p>\n","protected":false},"author":1,"featured_media":0,"parent":1351,"menu_order":0,"comment_status":"closed","ping_status":"open","template":"","meta":[],"aioseo_notices":[],"_links":{"self":[{"href":"https:\/\/www.ritamascialino.com\/cms\/wp-json\/wp\/v2\/pages\/1372"}],"collection":[{"href":"https:\/\/www.ritamascialino.com\/cms\/wp-json\/wp\/v2\/pages"}],"about":[{"href":"https:\/\/www.ritamascialino.com\/cms\/wp-json\/wp\/v2\/types\/page"}],"author":[{"embeddable":true,"href":"https:\/\/www.ritamascialino.com\/cms\/wp-json\/wp\/v2\/users\/1"}],"replies":[{"embeddable":true,"href":"https:\/\/www.ritamascialino.com\/cms\/wp-json\/wp\/v2\/comments?post=1372"}],"version-history":[{"count":6,"href":"https:\/\/www.ritamascialino.com\/cms\/wp-json\/wp\/v2\/pages\/1372\/revisions"}],"predecessor-version":[{"id":1582,"href":"https:\/\/www.ritamascialino.com\/cms\/wp-json\/wp\/v2\/pages\/1372\/revisions\/1582"}],"up":[{"embeddable":true,"href":"https:\/\/www.ritamascialino.com\/cms\/wp-json\/wp\/v2\/pages\/1351"}],"wp:attachment":[{"href":"https:\/\/www.ritamascialino.com\/cms\/wp-json\/wp\/v2\/media?parent=1372"}],"curies":[{"name":"wp","href":"https:\/\/api.w.org\/{rel}","templated":true}]}}