{"id":1504,"date":"2013-05-07T16:14:57","date_gmt":"2013-05-07T15:14:57","guid":{"rendered":"http:\/\/www.ritamascialino.com\/cms\/?page_id=1504"},"modified":"2018-10-13T21:33:03","modified_gmt":"2018-10-13T20:33:03","slug":"sul-significato-del-termine-delitto","status":"publish","type":"page","link":"https:\/\/www.ritamascialino.com\/cms\/criminologia\/sul-significato-del-termine-delitto\/","title":{"rendered":"Sul significato del termine delitto"},"content":{"rendered":"<h2 style=\"text-align: justify;\">Sul significato del termine delitto<\/h2>\n<p style=\"text-align: justify;\"><img loading=\"lazy\" class=\"alignleft\" style=\"border: 5px solid white;\" title=\"Delitto\" src=\"http:\/\/www.ritamascialino.com\/cms\/wp-content\/uploads\/2011\/03\/uomo_minaccioso-300x225.jpg\" alt=\"Delitto\" width=\"180\" height=\"135\" \/>Anche qui aggiungiamo qualche considerazione all\u2019etimologia. Il termine <em>delitto <\/em>deriva da verbo documentato nella cultura di lingua latina e italiana, non per\u00f2 nelle lingue romanze in cui non \u00e8 passato, ossia non ha lasciato traccia diretta: <em>linquo-is<\/em>, <em>liqui<\/em>, <em>lictum<\/em>, <em>linquere<\/em>, della terza coniugazione in -<em>ere<\/em>. Il significato di base di questo verbo del latino antico e classico \u00e8 quello di <em>lasciare<\/em>, <em>abbandonare<\/em>. Lo si trova soprattutto, anche se non solo, composto con particelle che ne specificano il senso. Ad esempio <em>linquo <\/em>\u00e8 alla base di <em>relinquo <\/em>con significato di <em>lasciare indietro<\/em>, vedi ad esempio il termine <em>relictus<\/em>, aggettivo derivato da <em>relinquo <\/em>nel significato di <em>lasciato indietro<\/em> e <em>relictus<\/em>, sostantivo della medesima derivazione come ci\u00f2 che resta perch\u00e9 abbandonato, lasciato indietro, in italiano appunto <em>relitto<\/em>. Anche le <em>reliquiae<\/em>, come resti, <em>reliquie<\/em>, ci\u00f2 che <em>resta indietro<\/em>, che viene abbandonato, \u00e8 sostantivo che deriva da <em>reliquus<\/em>, a sua volta da <em>relinquus<\/em>, a sua volta ancora da <em>relinquo<\/em>. <em>Derelinquo <\/em>\u00e8 un rafforzamento di <em>relinquo<\/em>, significa sempre <em>abbandonare<\/em>, <em>lasciare indietro<\/em>, verbo che mette in evidenza l\u2019azione dell\u2019<em>andarsene via da<\/em> attraverso la presenza della preposizione de tipica del moto da luogo in latino <em>de<\/em>, cos\u00ec che si visualizza per cos\u00ec dire pi\u00f9 direttamente che tutti abbandonano l\u2019individuo che diviene in tal modo <em>derelitto<\/em>. Anche <em>delinquo<\/em> \u00e8 un composto di <em>linquo<\/em>. Significa allontanarsi lasciando le cose da cui ci si allontana, allontanamento indicato dalla preposizione <em>de <\/em>come sopra. Significa <em>lasciare vuoto il posto<\/em>, per eccellenza <em>mancare al dovere di stare sul posto<\/em> riempiendo il luogo a s\u00e9 destinato secondo gli obblighi imposti dal vivere sociale. Da ci\u00f2 appunto <em>delictum<\/em>, <em>delitto<\/em>, <em>delinquens<\/em>, <em>delinquente<\/em>, <em>delinquentia<\/em>, <em>delinquenza<\/em>, termini italiani derivati dal classico (<em>de<\/em>)<em>linquo<\/em>. Il termine <em>delitto<\/em> dunque e i termini ad esso collegati come delinquente e delinquenza ad esempio non sorgono come termini costruiti attorno ad omicidi o a crudelt\u00e0 contro le persone, ma sorgono come termini indicanti l\u2019<em>abbandono del proprio posto<\/em>, del posto che doveva essere conservato e non abbandonato, del proprio dovere quindi. Il delitto dunque \u00e8 l\u2019effetto dell\u2019abbandono del posto che si doveva mantenere nella societ\u00e0 come obbligo per avere il diritto di godere dei diritti derivati dall\u2019esistenza della societ\u00e0 e delle sue leggi: il posto \u00e8 stato lasciato vuoto, abbandonato e ci si \u00e8 dunque allontanati da esso. Tale sostantivo \u00e8 diventato attraverso la sua tropizzazione in metonimia il termine per indicare l\u2019azione delittuosa stessa nelle varie fattispecie: omicidi, furti, rapine e simili dovute all\u2019aver abbandonato il luogo lecito nella societ\u00e0, ad essersi allontanati dal luogo, ad essere venuti meno al dovere di starci. Lo stare nella societ\u00e0 e seguire le sue leggi \u00e8 dunque da sempre considerato un dovere, non qualcosa di facoltativo. Tali leggi si possono cambiare democraticamente quando non sono funzionali o non sono pi\u00f9 funzionali al benessere di tutti i cittadini, ma fino a che tali leggi non si sono cambiate, si devono osservare per come sono, che piacciano o no, pena il <em>delinquere <\/em>in varia misura, ossia l'abbandonare il proprio dovere che resta dovere, non decade per via della semplice non condivisione delle leggi in vigore.<\/p>\n","protected":false},"excerpt":{"rendered":"<p>Sul significato del termine delitto Anche qui aggiungiamo qualche considerazione all\u2019etimologia. Il termine delitto deriva da verbo documentato nella cultura di lingua latina e italiana, non per\u00f2 nelle lingue romanze in cui non \u00e8 passato, ossia non ha lasciato traccia diretta: linquo-is, liqui, lictum, linquere, della terza coniugazione in -ere. Il significato di base di [&hellip;]<\/p>\n","protected":false},"author":1,"featured_media":0,"parent":1413,"menu_order":0,"comment_status":"closed","ping_status":"open","template":"","meta":[],"aioseo_notices":[],"_links":{"self":[{"href":"https:\/\/www.ritamascialino.com\/cms\/wp-json\/wp\/v2\/pages\/1504"}],"collection":[{"href":"https:\/\/www.ritamascialino.com\/cms\/wp-json\/wp\/v2\/pages"}],"about":[{"href":"https:\/\/www.ritamascialino.com\/cms\/wp-json\/wp\/v2\/types\/page"}],"author":[{"embeddable":true,"href":"https:\/\/www.ritamascialino.com\/cms\/wp-json\/wp\/v2\/users\/1"}],"replies":[{"embeddable":true,"href":"https:\/\/www.ritamascialino.com\/cms\/wp-json\/wp\/v2\/comments?post=1504"}],"version-history":[{"count":3,"href":"https:\/\/www.ritamascialino.com\/cms\/wp-json\/wp\/v2\/pages\/1504\/revisions"}],"predecessor-version":[{"id":1965,"href":"https:\/\/www.ritamascialino.com\/cms\/wp-json\/wp\/v2\/pages\/1504\/revisions\/1965"}],"up":[{"embeddable":true,"href":"https:\/\/www.ritamascialino.com\/cms\/wp-json\/wp\/v2\/pages\/1413"}],"wp:attachment":[{"href":"https:\/\/www.ritamascialino.com\/cms\/wp-json\/wp\/v2\/media?parent=1504"}],"curies":[{"name":"wp","href":"https:\/\/api.w.org\/{rel}","templated":true}]}}