{"id":1744,"date":"2014-01-06T13:02:39","date_gmt":"2014-01-06T12:02:39","guid":{"rendered":"http:\/\/www.ritamascialino.com\/cms\/?page_id=1744"},"modified":"2017-04-19T13:52:24","modified_gmt":"2017-04-19T12:52:24","slug":"sulla-violenza-dei-maschi-contro-le-donne","status":"publish","type":"page","link":"https:\/\/www.ritamascialino.com\/cms\/sulla-violenza-dei-maschi-contro-le-donne\/","title":{"rendered":"Sulla violenza dei maschi contro le donne"},"content":{"rendered":"<p>&nbsp;<\/p>\n<p align=\"JUSTIFY\"><span style=\"font-size: large;\"><b>Sulla violenza dei maschi contro le donne<\/b><\/span><\/p>\n<p align=\"JUSTIFY\"><span style=\"font-size: large;\"><b>di<\/b><\/span><\/p>\n<p align=\"JUSTIFY\"><span style=\"font-size: large;\"><b>Rita Mascialino<\/b><\/span><\/p>\n<p align=\"JUSTIFY\">Nei secoli e nei millenni, per non parlare di tempi pi\u00f9 lunghi, le donne hanno sempre avuto a che fare con la violenza dei loro compagni contro di esse, non \u00e8 una novit\u00e0 dell\u2019ultima ora, come forse si pu\u00f2 ritenere vista l\u2019escalation di omicidi e di accanimento di percosse\u00a0 da parte dei maschi nei loro confronti messo in evidenza ogni giorno dai media.<\/p>\n<p align=\"JUSTIFY\">Lo stupro \u00e8 una delle manifestazioni di violenza maschile contro la donna. Se gli stupri sono cosa di ogni pochi minuti oggi nel mondo, un tempo ce n\u2019erano altrettanti e molti di pi\u00f9 commessi non solo come tali, ma anche e soprattutto al riparo delle mura domestiche legittimati dalla predicazione di Santa Madre Chiesa che educava le donne, le madri di famiglia ad obbedire ai voleri del loro marito come se questo fosse stato il loro tremendo padrone e che combatte anche oggi contro l\u2019uso dei contraccettivi di qualsiasi tipo da parte delle donne. Una predicazione che aiutava a mantenere lo status quo del potere maschile illimitato sulle donne, grazie al quale il marito stuprava impunito la moglie ogni qual volta ne avesse il desiderio, la volont\u00e0, ponendo la moglie ogni mese, per tutta la vita fertile, dalla pi\u00f9 tenera et\u00e0 fino alla vecchiaia subentrata prematuramente viste le gestazioni continuate, nella silente disperazione e paura di essere di nuovo e di nuovo gravida, senza tregua e la gravidanza non era n\u00e9 \u00e8 un gioco da ragazzi, anzi da ragazze, \u00e8 qualcosa di pesante da sopportare, di particolarmente pesante come lo \u00e8 comunque ci\u00f2 che modifica di forza e inesorabilmente la struttura fisica, corporea. Una situazione questa cui i contraccettivi hanno posto un argine, contraccettivi contro l'uso dei quali la Chiesa spende la sua parola. Certo le donne sono felici di generare la vita dentro di s\u00e9, ci\u00f2 nel loro straordinario amore per la vita, diversamente da quanto accade in genere nella personalit\u00e0 dei loro compagni, capaci addirittura di prenderle a calci e a pugni o a bastonate e coltellate mentre portano la vita nel loro corpo con tutte le difficolt\u00e0 che questo reca con s\u00e9, difficolt\u00e0 di ogni genere, dalla salute che viene compromessa nel mentre alla deambulazione che si deve fare pi\u00f9 attenta e cos\u00ec via. Certo sono felici, ma si tratta comunque di un grosso sacrificio, non del piacere di un momento. Donne prese talora anche a bastonate dagli uomini perch\u00e9 il pancione pu\u00f2 rendere meno agevoli e piacevoli i rapporti sessuali, pu\u00f2 dare fastidio, ma anche perch\u00e9 per cos\u00ec dire sono diventate o appaiono brutte, in aggiunta perch\u00e9 essendo in situazione di estrema debolezza ispirano nei vigliacchi l\u2019uso della violenza, la scarica dei nervi labili. Un sesso maschile difficile da gestire, perch\u00e9 di base arido e violento. Si tratta di due mondi opposti: quello femminile per la costruzione della vita, quello maschile coinvolto a buon mercato nella costruzione della vita e talora addirittura desideroso e capace di distruggerla. Certo, anche le donne hanno ucciso e ancora uccidono\u00a0 molto, molto di rado, i loro piccoli, un tempo poco lontano condannate a morte per questo, ma non si pu\u00f2 paragonare tale loro atto esecrabile a quello maschile diretto a picchiarle o a ucciderle quando sono gravide ed anche quando non lo sono, diretto anche ad uccidere i piccoli. Nelle donne che uccidono i neonati ci sono spesso tracce di psicosi post partum o psicosi post partum vere e proprie, depressioni post partum e tanto altro, nei maschi non c\u2019\u00e8 niente di tutto ci\u00f2, c\u2019\u00e8 violenza gratuita e sessualit\u00e0 deviata.<\/p>\n<p align=\"JUSTIFY\">Si pu\u00f2 ovviare alla tragedia continuata della violenza contro le donne da parte dei loro uomini, questo solo ed esclusivamente attraverso l\u2019educazione e la formazione dei due sessi, soprattutto di quello maschile, che non pu\u00f2 continuare pi\u00f9 o meno abbandonato a se stesso, in bal\u00eca del proprio meccanismo violento. Occorre che i maschi sviluppino migliori freni inibitori doverosi perch\u00e9 sia possibile una vita sociale pi\u00f9 serena. In qualche Paese e comunque da qualcuno si \u00e8 pensato di trattare chimicamente il cervello maschile che va fuori dai ranghi nella sessualit\u00e0 \u2013 non sto parlando del normale uso di farmaci antidepressivi o simili, sto parlando della castrazione chimica. Non si pu\u00f2 essere d\u2019accordo. Per lo meno io non sono d'accordo. Cos\u00ec come non si pu\u00f2 essere d\u2019accordo sulla castrazione coatta di qualsiasi animale, tanto meno lo si pu\u00f2 essere relativamente agli animali umani. Nessuna castrazione coatta per nessuno, nessuno pu\u00f2 arrogarsi il diritto di intervenire manipolando la personalit\u00e0 di qualcun altro in modo definitivo agendo dal suo esterno sui centri nervosi, nessuno pu\u00f2 rovinare la vita ad altri in questo modo inaudito e inaccettabile. Privare qualcuno, maschio o femmina che sia, del diritto alla sua sessualit\u00e0, \u00e8 un delitto senza pari o quasi, che in quanto tale non deve essere lecito. Al contrario, ben venga, come anticipato, l\u2019intervento pi\u00f9 meraviglioso e miracoloso nelle mani dell\u2019umanit\u00e0: l\u2019educazione. Attraverso un\u2019educazione appropriata, condotta in primo luogo in famiglia, si pu\u00f2 imparare a controllare la propria istintualit\u00e0, a capire la necessit\u00e0 di accettare le regole del vivere sociale, a rispettare s\u00e9 e gli altri. Affinch\u00e9 le famiglie siano in grado di educare al meglio i loro figli, occorre che i giovani in qualit\u00e0 di futuri membri della sociuet\u00e0 e possibili futuri genitori abbiano a disposizione insegnamento scolastico consono. Non si tratta di corsi prematrimoniali di nessun valore in quanto troppo tardivi, frequentati quando ormai i giochi per la costruzione della personalit\u00e0 sono fatti, bens\u00ec di insegnamento scolastico nelle modalit\u00e0 consone il quale deve partire dalla terza elementare, insegnamento almeno di due ore settimanali incessantemente fino alla maturit\u00e0, ai diciannove anni evolvendo i contenuti secondo il procedere dell\u2019et\u00e0. Un insegnamento che presenti le due personalit\u00e0 maschile e femminile con le loro caratteristiche di base e che insegni ai maschi a rispettare le donne pi\u00f9 deboli di loro, che sia finalizzato a stimolare l\u2019unione dei sentimenti all\u2019atto sessuale, alla responsabilit\u00e0, al bello della vita e non al brutto, che non lasci i maschi soprattutto in bal\u00eca della loro sessualit\u00e0 che pu\u00f2 degenerare divenendo pericolosa e dannosa per s\u00e9 e gli altri, per la societ\u00e0 tutta, che sia di preparazione alla futura genitorialit\u00e0. Certo ci saranno sempre degli sfortunati che falliranno la loro esperienza esistenziale, ma saranno un numero ben inferiore a quanto sarebbe ed \u00e8 senza questa azione educativa e formativa, un\u2019educazione seria, non a base di buoni propositi, ma a base di discipline adatte a far capire le diversit\u00e0 e le uguaglianze, soprattutto a far capire i rischi di una sessualit\u00e0 collegata alla violenza, alla volont\u00e0 di sopraffazione. Se le donne dovranno imparare a capire chi hanno di fronte come possibili compagni per non misurare sempre con il loro metro troppo fiducioso e materno, i maschi dovranno imparare innanzitutto ed una volta per sempre che il loro sesso non \u00e8 cosa di cui potersi gloriare in ogni caso. In tal modo potr\u00e0 venire il giorno in cui le donne non dovranno pi\u00f9 avere troppa paura dei loro compagni tanto pi\u00f9 forti fisicamente di loro e spesso tanto pi\u00f9 deboli di loro nella personalit\u00e0.<\/p>\n<p align=\"JUSTIFY\">\u00a0\u00a0\u00a0\u00a0\u00a0\u00a0\u00a0\u00a0\u00a0\u00a0\u00a0\u00a0\u00a0\u00a0\u00a0\u00a0\u00a0\u00a0\u00a0\u00a0\u00a0\u00a0\u00a0\u00a0\u00a0\u00a0\u00a0\u00a0\u00a0\u00a0\u00a0\u00a0\u00a0\u00a0\u00a0\u00a0\u00a0\u00a0\u00a0\u00a0\u00a0\u00a0\u00a0\u00a0\u00a0\u00a0\u00a0\u00a0\u00a0\u00a0\u00a0\u00a0\u00a0\u00a0\u00a0\u00a0\u00a0\u00a0\u00a0\u00a0\u00a0\u00a0\u00a0\u00a0\u00a0\u00a0\u00a0\u00a0\u00a0\u00a0\u00a0\u00a0\u00a0\u00a0\u00a0\u00a0\u00a0\u00a0\u00a0\u00a0\u00a0\u00a0\u00a0\u00a0\u00a0\u00a0\u00a0\u00a0\u00a0\u00a0\u00a0\u00a0\u00a0\u00a0\u00a0\u00a0\u00a0\u00a0\u00a0\u00a0\u00a0\u00a0\u00a0\u00a0\u00a0\u00a0\u00a0\u00a0\u00a0\u00a0\u00a0\u00a0\u00a0\u00a0\u00a0\u00a0\u00a0\u00a0\u00a0\u00a0\u00a0\u00a0\u00a0\u00a0\u00a0\u00a0\u00a0\u00a0\u00a0\u00a0\u00a0\u00a0\u00a0\u00a0\u00a0\u00a0\u00a0\u00a0\u00a0\u00a0\u00a0\u00a0\u00a0\u00a0\u00a0\u00a0\u00a0\u00a0\u00a0\u00a0\u00a0\u00a0\u00a0\u00a0\u00a0\u00a0\u00a0\u00a0\u00a0\u00a0\u00a0\u00a0\u00a0\u00a0\u00a0\u00a0\u00a0\u00a0\u00a0 <strong>RM<\/strong><\/p>\n<p>&nbsp;<\/p>\n","protected":false},"excerpt":{"rendered":"<p>&nbsp; Sulla violenza dei maschi contro le donne di Rita Mascialino Nei secoli e nei millenni, per non parlare di tempi pi\u00f9 lunghi, le donne hanno sempre avuto a che fare con la violenza dei loro compagni contro di esse, non \u00e8 una novit\u00e0 dell\u2019ultima ora, come forse si pu\u00f2 ritenere vista l\u2019escalation di omicidi [&hellip;]<\/p>\n","protected":false},"author":2,"featured_media":0,"parent":0,"menu_order":0,"comment_status":"closed","ping_status":"open","template":"","meta":[],"aioseo_notices":[],"_links":{"self":[{"href":"https:\/\/www.ritamascialino.com\/cms\/wp-json\/wp\/v2\/pages\/1744"}],"collection":[{"href":"https:\/\/www.ritamascialino.com\/cms\/wp-json\/wp\/v2\/pages"}],"about":[{"href":"https:\/\/www.ritamascialino.com\/cms\/wp-json\/wp\/v2\/types\/page"}],"author":[{"embeddable":true,"href":"https:\/\/www.ritamascialino.com\/cms\/wp-json\/wp\/v2\/users\/2"}],"replies":[{"embeddable":true,"href":"https:\/\/www.ritamascialino.com\/cms\/wp-json\/wp\/v2\/comments?post=1744"}],"version-history":[{"count":5,"href":"https:\/\/www.ritamascialino.com\/cms\/wp-json\/wp\/v2\/pages\/1744\/revisions"}],"predecessor-version":[{"id":1961,"href":"https:\/\/www.ritamascialino.com\/cms\/wp-json\/wp\/v2\/pages\/1744\/revisions\/1961"}],"wp:attachment":[{"href":"https:\/\/www.ritamascialino.com\/cms\/wp-json\/wp\/v2\/media?parent=1744"}],"curies":[{"name":"wp","href":"https:\/\/api.w.org\/{rel}","templated":true}]}}