{"id":1752,"date":"2014-01-06T13:47:24","date_gmt":"2014-01-06T12:47:24","guid":{"rendered":"http:\/\/www.ritamascialino.com\/cms\/?page_id=1752"},"modified":"2019-09-01T08:12:19","modified_gmt":"2019-09-01T07:12:19","slug":"il-serial-killer-tedesco-peter-kurten-e-la-sessualita-maschile","status":"publish","type":"page","link":"https:\/\/www.ritamascialino.com\/cms\/il-serial-killer-tedesco-peter-kurten-e-la-sessualita-maschile\/","title":{"rendered":"Il serial killer tedesco Peter K\u00fcrten e la sessualit\u00e0 maschile"},"content":{"rendered":"<p><span style=\"font-size: large;\"><b>Il serial killer tedesco Peter K\u00fcrten e la sessualit\u00e0 maschile<\/b><\/span><\/p>\n<p style=\"widows: 8;\" align=\"JUSTIFY\"><span style=\"font-size: large;\"><b>di<\/b><\/span><\/p>\n<p style=\"widows: 8;\" align=\"JUSTIFY\"><span style=\"font-size: large;\"><i><b>Rita Mascialino<\/b><\/i><\/span><\/p>\n<p style=\"widows: 8;\" align=\"JUSTIFY\">Vediamo come la sessualit\u00e0 di Peter K\u00fcrten pot\u00e9 divenire fonte di disgrazia per lui stesso e per gli altri. K\u00fcrten era stato abituato da piccolo, da piccolissimo e lo fu per lunghi anni, quelli maggiormente formativi, a vedere il coito esibito dai suoi genitori senza veli davanti ai figli, davanti a lui stesso che era il pi\u00f9 vecchio o comunque tra i pi\u00f9 vecchi dei figli dei coniugi K\u00fcrten che raggiunsero il numero di tredici, rapporti sessuali preceduti e accompagnati da percosse, da violenze gravi alla madre di Peter. Nella quotidianit\u00e0 dei molti anni si poterono del tutto agevolmente formare nel cervello di K\u00fcrten dei riflessi condizionati potentissimi destinati perci\u00f2 a durare per sempre: l\u2019associazione della crudelt\u00e0 e della violenza, del sangue e delle percosse al partner di sventura nel piacere sessuale, per l\u2019erezione ed eiaculazione da parte maschile. Sappiamo di fatto che le esperienze avute nell\u2019infanzia strutturano pi\u00f9 o meno inconsciamente comportamenti, abitudini, appunto riflessi condizionati, mentre parallelamente non sono stati ancora strutturati sufficientemente i percorsi relativi alla capacit\u00e0 logica e morale di giudizio sugli eventi. Si tratta di fasi dello sviluppo dove prevale l\u2019apprendimento inconscio senza che venga consapevolizzato in maniera consona, proprio come quando si semina una pianta la quale resta sotto terra senza germogliare in superficie per pi\u00f9 o meno tempo e solo dopo un determinato tempo esce allo scoperto mostrando la sua natura, le sue foglie, i suoi fiori. Per il fatto che non si vede la pianta quando la si semina, ci si pu\u00f2 sbagliare qualche volta, seminando in realt\u00e0 una pianta e credendo di averne seminata un\u2019altra, sbaglio di cui ci si rende conto solo dopo che la pianta \u00e8 fiorita e si manifesta nella sua realt\u00e0. Certo, si \u00e8 commesso un errore nella semina, ma altrettanto certamente la realt\u00e0 \u00e8 e resta quella relativa alla pianta seminata, non alla pianta che si \u00e8 creduto di aver seminato. Cos\u00ec con i bambini, il cui cervello assorbe ogni comportamento, ogni esperienza soprattutto in ambito inconscio, spontaneamente, senza consona consapevolizzazione o con scarsa consapevolizzazione, in modo per cos\u00ec dire sotterraneo per rifarci ancora all\u2019analogia citata della semina e della pianta, in incubazione per cambiare ambito ed entrare nell\u2019analogia con la patologia. Per questi motivi soprattutto occorre che i genitori sappiano quello che fanno, ossia siano in grado di educare e formare la personalit\u00e0 dei loro figli nel modo migliore per la qualit\u00e0 della loro esistenza, compito particolarmente arduo nelle societ\u00e0 a regime democratico, dove le libert\u00e0 concesse ai cittadini sono appunto tante. Spesso, se non sempre, si sentono genitori di figli deragliati nella delinquenza fino all\u2019omicidio o nella droga o nell\u2019alcolismo e simili dire di non essersi mai accorti di quanto stava succedendo nei loro figli ci\u00f2 per cui danno la colpa di tutto alla societ\u00e0, alla televisione, ai media e a quant\u2019altro. Sono scappatoie di livello molto basso che non onorano il senso di responsabilit\u00e0 dei genitori. Tali genitori vengono considerati da molti altri genitori come brave persone che giustamente non si potevano mai aspettare il deragliamento dei loro figli che li avrebbe sorpresi come una bomba a ciel sereno. Certo, non ne sapevano niente dello sviluppo della personalit\u00e0 nei loro figli, ma questa \u00e8 una delle loro colpe gravi, gravissime anzi ed in ogni caso la pianta che essi, irresponsabilmente, hanno seminato \u00e8 quella che \u00e8 fiorita nella preadolescenza e adolescenza ed essi ne sono stati gli incoscienti ed insani seminatori, non possono nascondersi dietro il pi\u00f9 assurdo dei perbenismi. Certo, si sono sbagliati, ma questo conferma che non hanno saputo espletare il loro ruolo di genitori, che sono falliti come genitori \u2013 ricordiamo che la Costituzione italiana obbliga con l\u2019Art. 30 i genitori non solo al mantenimento e all\u2019istruzione dei figli, ma all\u2019educazione intesa come insegnamento di principi formativi, morali, di comprensione di ci\u00f2 che si deve fare e ci\u00f2 che non si deve fare, consoni per il bene dei giovani e della societ\u00e0, obbligo questo che non gode dei dovuti sostegni, dei dovuti controlli. Tornando ai maschi e alle loro aree deputate al sesso poco meno che triple di quelle femminili e visto che il sesso maschile \u00e8 un sesso di violento impatto, occorre porre rimedio fornendo ai maschi i giusti mezzi per il controllo dei loro sensi, mezzi assolutamente non chimici come qualcuno ha insensatamente proposto e propone, ma soltanto ed eminentemente formativi, educativi, culturali, mezzi che devono coinvolgere i giovani di entrambi i sessi in vista di una loro futura molto probabile genitorialit\u00e0.<\/p>\n<p style=\"widows: 8;\" align=\"JUSTIFY\">Qualcuno potrebbe obiettare che ci furono conoscenze negative per K\u00fcrten anche fuori dalla famiglia, ossia nella societ\u00e0 per cos\u00ec dire, come la conoscenza dell\u2019accalappiacani che masturbava i cani e poi li torturava, cos\u00ec che Peter ebbe una sessualit\u00e0 anche con gli animali tra l\u2019altro e continu\u00f2 ad associare violenza all\u2019atto sessuale, ma, \u00e8 il caso di evidenziare, quando ci\u00f2 accadde, Peter K\u00fcrten aveva gi\u00e0 ben nove anni ed i giochi relativi alla sua personalit\u00e0 erano ormai fatti, giochi che erano stati fatti in casa sua, dai suoi genitori e per altro nessuno a casa sua si preoccup\u00f2 mai di notare che qualcosa non andava per il verso giusto in Peter, ossia che il loro figlio non stava sviluppando la personalit\u00e0 di una brava persona.<\/p>\n<p style=\"widows: 8;\" align=\"JUSTIFY\">Per concludere, il cervello di Peter K\u00fcrten ebbe tempo e modo di produrre dei riflessi condizionati del tipo violenza-erezione e sangue-eiaculazione, tali che, data la estrema violenza dell\u2019esperienza fatta in casa K\u00fcrten, si impressero cos\u00ec fortemente da perdurare tutta la vita fino alla condanna di K\u00fcrten a morte. K\u00fcrten stesso riconobbe che doveva imputare la propria rovina, e quella degli altri che gli capitarono sotto mano, soprattutto all\u2019educazione o diseducazione ricevuta nella casa dei genitori, un vero inferno che rovin\u00f2 la vita a lui e a tutti coloro che uccise per avere un orgasmo. K\u00fcrten dichiar\u00f2 che nella sua adolescenza spesso guardava con silenzioso rimpianto le famiglie degli altri, i cui figli godevano della vita nel modo pi\u00f9 giusto e si dispiaceva di essere stato sfortunato con genitori come i suoi, questo detto da lui non per alleggerire le sue responsabilit\u00e0 che sempre si assunse dopo la confessione dei suoi delitti, ma solo per esprimere un suo rammarico ed una sua consapevolezza. Un uomo, K\u00fcrten, la cui non scarsa intelligenza potenziale per i motivi citati fu messa al soldo per cos\u00ec dire delle sue eiaculazioni vissute in piena patologia per come l\u2019atto sessuale fu da lui appreso dai comportamenti dei genitori. Per altro, per paura delle tremende ire del padre che, oltre a picchiare le persone forsennatamente, sfasciava porte, finestre e oggetti in quantit\u00e0 ogni volta che si adirava, ossia costantemente, per sfuggire a tutto ci\u00f2 dunque K\u00fcrten scapp\u00f2 spesso di casa gi\u00e0 in tenera et\u00e0 vivendo nelle strade e rubando per mantenersi, mentre nessuno a casa sua, non solo il padre, ma neanche la madre lo andasse a cercare, lo proteggesse come la sua et\u00e0 ed il suo stato di figlio avrebbero preteso.<\/p>\n<p style=\"widows: 8;\" align=\"JUSTIFY\">Per concludere la riflessione: si sono visti all\u2019ingrandimento attraverso la patologia di Peter K\u00fcrten i rischi che possono correre i maschi non controllando, ossia non avendo i mezzi culturali e morali, intellettivi per poter vivere la sessualit\u00e0 stessa positivamente. Tale situazione aberrante non \u00e8 qualcosa cui non si pu\u00f2 porre rimedio considerandola, come si \u00e8 fatto finora, come connaturata alla sessualit\u00e0 maschile. Si pu\u00f2 ovviare e occorre ovviare al pi\u00f9 presto inserendo negli insegnamenti scolastici discipline adatte all\u2019emersione della sessualit\u00e0 nei giovani e ai futuri genitori, ci\u00f2 appunto onde evitare i danni di ogni genere e in particolare danni dovuti ad una sessualit\u00e0 male intesa in special modo dai maschi per i motivi sopra accennati, danni in ogni caso troppo gravi perch\u00e9 si possa continuare a fare finta di niente, perch\u00e9 si possa continuare a pensare che sia sufficiente procreare per essere genitori, per continuare a pensare che la sessualit\u00e0 maschile debba per forza svilupparsi incontrollatamente.<\/p>\n<p style=\"widows: 8;\" align=\"JUSTIFY\"><b>\u00a0 \u00a0 \u00a0 \u00a0 \u00a0 \u00a0 \u00a0 \u00a0 \u00a0 \u00a0 \u00a0 \u00a0 \u00a0 \u00a0 \u00a0 \u00a0 \u00a0 \u00a0 \u00a0 \u00a0 \u00a0 \u00a0 \u00a0 \u00a0 \u00a0 \u00a0 \u00a0 \u00a0 \u00a0 \u00a0 \u00a0 \u00a0 \u00a0 \u00a0 \u00a0 \u00a0 \u00a0 \u00a0 \u00a0 \u00a0 \u00a0 \u00a0 \u00a0 \u00a0 \u00a0 \u00a0 \u00a0 \u00a0 \u00a0 \u00a0 \u00a0 \u00a0 \u00a0 \u00a0 \u00a0 \u00a0 \u00a0 \u00a0 \u00a0 \u00a0 \u00a0 \u00a0 \u00a0 \u00a0 \u00a0 \u00a0 \u00a0 \u00a0 \u00a0 \u00a0Rita Mascialino<\/b><\/p>\n<h5><strong>(Dalle serigrafie dell'artista friulano MARINO SALVADOR<\/strong><\/h5>\n<p>333 9732672<\/p>\n<h5><strong>2019\u00a0<em>Ritratti\u00a0 in frammentazione: Personaggi Pubblici)<\/em><\/strong><\/h5>\n<p><img loading=\"lazy\" class=\"alignleft wp-image-2817\" src=\"http:\/\/www.ritamascialino.com\/cms\/wp-content\/uploads\/2019\/09\/8Mascialino.jpg\" alt=\"\" width=\"359\" height=\"513\" srcset=\"https:\/\/www.ritamascialino.com\/cms\/wp-content\/uploads\/2019\/09\/8Mascialino.jpg 4134w, https:\/\/www.ritamascialino.com\/cms\/wp-content\/uploads\/2019\/09\/8Mascialino-768x1097.jpg 768w\" sizes=\"(max-width: 359px) 100vw, 359px\" \/><\/p>\n<p align=\"JUSTIFY\">\n","protected":false},"excerpt":{"rendered":"<p>Il serial killer tedesco Peter K\u00fcrten e la sessualit\u00e0 maschile di Rita Mascialino Vediamo come la sessualit\u00e0 di Peter K\u00fcrten pot\u00e9 divenire fonte di disgrazia per lui stesso e per gli altri. K\u00fcrten era stato abituato da piccolo, da piccolissimo e lo fu per lunghi anni, quelli maggiormente formativi, a vedere il coito esibito dai [&hellip;]<\/p>\n","protected":false},"author":2,"featured_media":0,"parent":0,"menu_order":0,"comment_status":"closed","ping_status":"open","template":"","meta":[],"aioseo_notices":[],"_links":{"self":[{"href":"https:\/\/www.ritamascialino.com\/cms\/wp-json\/wp\/v2\/pages\/1752"}],"collection":[{"href":"https:\/\/www.ritamascialino.com\/cms\/wp-json\/wp\/v2\/pages"}],"about":[{"href":"https:\/\/www.ritamascialino.com\/cms\/wp-json\/wp\/v2\/types\/page"}],"author":[{"embeddable":true,"href":"https:\/\/www.ritamascialino.com\/cms\/wp-json\/wp\/v2\/users\/2"}],"replies":[{"embeddable":true,"href":"https:\/\/www.ritamascialino.com\/cms\/wp-json\/wp\/v2\/comments?post=1752"}],"version-history":[{"count":7,"href":"https:\/\/www.ritamascialino.com\/cms\/wp-json\/wp\/v2\/pages\/1752\/revisions"}],"predecessor-version":[{"id":2834,"href":"https:\/\/www.ritamascialino.com\/cms\/wp-json\/wp\/v2\/pages\/1752\/revisions\/2834"}],"wp:attachment":[{"href":"https:\/\/www.ritamascialino.com\/cms\/wp-json\/wp\/v2\/media?parent=1752"}],"curies":[{"name":"wp","href":"https:\/\/api.w.org\/{rel}","templated":true}]}}